{"id":880,"date":"2023-04-06T15:58:53","date_gmt":"2023-04-06T22:58:53","guid":{"rendered":"https:\/\/spokanesharestheroad.com\/recursos\/"},"modified":"2023-04-17T14:44:21","modified_gmt":"2023-04-17T21:44:21","slug":"recursos","status":"publish","type":"page","link":"https:\/\/spokanesharestheroad.com\/es\/recursos\/","title":{"rendered":"Recursos"},"content":{"rendered":"<p>[et_pb_section fb_built=\u00bb1&#8243; custom_padding_last_edited=\u00bbon|phone\u00bb _builder_version=\u00bb4.20.4&#8243; _module_preset=\u00bbdefault\u00bb custom_padding=\u00bb120px||120px||true|false\u00bb custom_padding_tablet=\u00bb120px||120px||true|false\u00bb custom_padding_phone=\u00bb20px||100px||false|false\u00bb global_colors_info=\u00bb{}\u00bb][et_pb_row column_structure=\u00bb2_5,3_5&#8243; _builder_version=\u00bb4.20.4&#8243; _module_preset=\u00bbdefault\u00bb width=\u00bb90%\u00bb max_width=\u00bb1200px\u00bb custom_padding=\u00bb0px|||||\u00bb global_colors_info=\u00bb{}\u00bb][et_pb_column type=\u00bb2_5&#8243; _builder_version=\u00bb4.20.4&#8243; _module_preset=\u00bbdefault\u00bb global_colors_info=\u00bb{}\u00bb][et_pb_image src=\u00bbhttps:\/\/spokanesharestheroad.com\/wp-content\/uploads\/2023\/04\/BookOwl-1.png\u00bb alt=\u00bbOwl sitting on top of a pile of books\u00bb title_text=\u00bbBookOwl\u00bb align=\u00bbcenter\u00bb align_tablet=\u00bbcenter\u00bb align_phone=\u00bbleft\u00bb align_last_edited=\u00bbon|phone\u00bb _builder_version=\u00bb4.20.4&#8243; _module_preset=\u00bbdefault\u00bb width_tablet=\u00bb\u00bb width_phone=\u00bb40%\u00bb width_last_edited=\u00bbon|phone\u00bb custom_margin_tablet=\u00bb\u00bb custom_margin_phone=\u00bb||-20px||false|false\u00bb custom_margin_last_edited=\u00bbon|phone\u00bb custom_padding=\u00bb||||false|false\u00bb sticky_position=\u00bbtop\u00bb sticky_offset_top=\u00bb250px\u00bb sticky_limit_bottom=\u00bbrow\u00bb sticky_position_tablet=\u00bbnone\u00bb sticky_position_phone=\u00bbnone\u00bb sticky_position_last_edited=\u00bbon|tablet\u00bb global_colors_info=\u00bb{}\u00bb][\/et_pb_image][\/et_pb_column][et_pb_column type=\u00bb3_5&#8243; _builder_version=\u00bb4.20.4&#8243; _module_preset=\u00bbdefault\u00bb global_colors_info=\u00bb{}\u00bb][et_pb_text _builder_version=\u00bb4.20.4&#8243; _module_preset=\u00bbdefault\u00bb custom_margin=\u00bb||18px||false|false\u00bb custom_margin_tablet=\u00bb||18px||false|false\u00bb custom_margin_phone=\u00bb||0px||false|false\u00bb custom_margin_last_edited=\u00bbon|phone\u00bb custom_padding=\u00bb||||false|false\u00bb header_2_font_size_phone=\u00bb30px\u00bb header_2_line_height_phone=\u00bb42px\u00bb global_colors_info=\u00bb{}\u00bb]<\/p>\n<h2>Se siente bien estar informado.<\/h2>\n<p>[\/et_pb_text][et_pb_text _builder_version=\u00bb4.20.4&#8243; _module_preset=\u00bb41969026-974c-489a-a76f-a537d6580e0c\u00bb custom_margin=\u00bb||90px||false|false\u00bb custom_margin_tablet=\u00bb||90px||false|false\u00bb custom_margin_phone=\u00bb||40px||false|false\u00bb custom_margin_last_edited=\u00bbon|phone\u00bb text_font_size_phone=\u00bb20px\u00bb text_line_height_phone=\u00bb31px\u00bb global_colors_info=\u00bb{}\u00bb]<\/p>\n<p>M\u00e1s recursos para mantenerte al d\u00eda en materia de seguridad vial<\/p>\n<p>[\/et_pb_text][et_pb_text _builder_version=\u00bb4.20.4&#8243; _module_preset=\u00bbdefault\u00bb link_font_size=\u00bb24px\u00bb link_line_height=\u00bb1.8em\u00bb header_3_font=\u00bbManrope|800|||||||\u00bb header_3_text_color=\u00bb#FFCA63&#8243; custom_margin=\u00bb||60px|||\u00bb custom_margin_tablet=\u00bb||60px|||\u00bb custom_margin_phone=\u00bb||40px||false|false\u00bb custom_margin_last_edited=\u00bbon|phone\u00bb text_line_height_phone=\u00bb30px\u00bb link_font_size_tablet=\u00bb24px\u00bb link_font_size_phone=\u00bb17px\u00bb link_font_size_last_edited=\u00bbon|phone\u00bb link_line_height_tablet=\u00bb1.8em\u00bb link_line_height_phone=\u00bb1.4em\u00bb link_line_height_last_edited=\u00bbon|phone\u00bb header_3_font_size_phone=\u00bb25px\u00bb header_3_line_height_phone=\u00bb30px\u00bb global_colors_info=\u00bb{}\u00bb link_text_color__hover_enabled=\u00bbon|desktop\u00bb]<\/p>\n<h3>Recursos para todos<\/h3>\n<p><a href=\"https:\/\/targetzero.com\/\" target=\"_blank\" rel=\"noopener\">Target Zero<\/a><br \/><a href=\"https:\/\/www.facebook.com\/spokanecountytargetzero\/\" target=\"_blank\" rel=\"noopener\">Spokane County Target Zero Task Force<\/a><br \/><a href=\"https:\/\/wtsc.wa.gov\/\" target=\"_blank\" rel=\"noopener\">Washington Traffic Safety Commission (WTSC)<\/a><br \/><a href=\"https:\/\/wsdot.wa.gov\/\" target=\"_blank\" rel=\"noopener\">Washington State Department of Transportation (WSDOT)<\/a><\/p>\n<p>[\/et_pb_text][et_pb_text _builder_version=\u00bb4.20.4&#8243; _module_preset=\u00bbdefault\u00bb link_font_size=\u00bb24px\u00bb link_line_height=\u00bb1.8em\u00bb header_3_font=\u00bbManrope|800|||||||\u00bb header_3_text_color=\u00bb#5CAC8A\u00bb custom_margin=\u00bb||60px|||\u00bb custom_margin_tablet=\u00bb||60px|||\u00bb custom_margin_phone=\u00bb||40px||false|false\u00bb custom_margin_last_edited=\u00bbon|phone\u00bb text_line_height_phone=\u00bb30px\u00bb link_font_size_tablet=\u00bb24px\u00bb link_font_size_phone=\u00bb17px\u00bb link_font_size_last_edited=\u00bbon|phone\u00bb link_line_height_tablet=\u00bb1.8em\u00bb link_line_height_phone=\u00bb1.4em\u00bb link_line_height_last_edited=\u00bbon|phone\u00bb header_3_font_size_phone=\u00bb25px\u00bb header_3_line_height_phone=\u00bb30px\u00bb global_colors_info=\u00bb{}\u00bb]<\/p>\n<h3>Recursos para peatones<\/h3>\n<p><a href=\"https:\/\/wsdot.wa.gov\/travel\/bicycling-walking\/walking-rolling-washington\/pedestrian-laws-safety\" target=\"_blank\" rel=\"noopener\">P\u00e1gina de leyes y seguridad para peatones<\/a><br \/><a href=\"https:\/\/wtsc.wa.gov\/wp-content\/uploads\/2018\/04\/2016-PEDESTRIANS-Traffic-Safety-Fact-Sheet.pdf\" target=\"_blank\" rel=\"noopener\">Informe de datos de seguridad peatonal<\/a><\/p>\n<p>[\/et_pb_text][et_pb_text _builder_version=\u00bb4.20.4&#8243; _module_preset=\u00bbdefault\u00bb link_font_size=\u00bb24px\u00bb link_line_height=\u00bb1.8em\u00bb header_3_font=\u00bbManrope|800|||||||\u00bb header_3_text_color=\u00bb#8CABFF\u00bb custom_margin=\u00bb||60px|||\u00bb custom_margin_tablet=\u00bb||60px|||\u00bb custom_margin_phone=\u00bb||40px||false|false\u00bb custom_margin_last_edited=\u00bbon|phone\u00bb text_line_height_phone=\u00bb30px\u00bb link_font_size_tablet=\u00bb24px\u00bb link_font_size_phone=\u00bb17px\u00bb link_font_size_last_edited=\u00bbon|phone\u00bb link_line_height_tablet=\u00bb1.8em\u00bb link_line_height_phone=\u00bb1.4em\u00bb link_line_height_last_edited=\u00bbon|phone\u00bb header_3_font_size_phone=\u00bb25px\u00bb header_3_line_height_phone=\u00bb30px\u00bb global_colors_info=\u00bb{}\u00bb]<\/p>\n<h3>Recursos para ciclistas<\/h3>\n<p><a href=\"https:\/\/wsdot.wa.gov\/travel\/bicycling-walking\/bicycling-washington\/bicyclist-laws-safety\" target=\"_blank\" rel=\"noopener\">P\u00e1gina de leyes y seguridad para ciclistas<\/a><br \/><a href=\"https:\/\/wsdot.wa.gov\/travel\/bicycling-walking\/bicycling-washington\/commuting-bike\" target=\"_blank\" rel=\"noopener\">Sitio sobre traslados al trabajo en bicicleta<\/a><br \/><a href=\"https:\/\/wtsc.wa.gov\/wp-content\/uploads\/2018\/04\/2015-Traffic-Safety-Fact-Sheet-Bicyclists-Other-Cyclists.pdf\" target=\"_blank\" rel=\"noopener\">Informe de datos de seguridad de ciclistas<\/a><br \/><a href=\"https:\/\/usacycling.org\/article\/what-to-check-on-your-bike-before-you-ride?utm_medium=paid-search&amp;utm_source=google&amp;utm_campaign=dynamic_search_ad&amp;gclid=Cj0KCQjwz6ShBhCMARIsAH9A0qVEBykKSXg1cpeTuK_VoPSqvJqPCbIIp2sJ5PkRYSHRGomm4XD1nLAaAh-ZEALw_wcB\" target=\"_blank\" rel=\"noopener\">C\u00f3mo revisar y reparar tu bicicleta antes de conducirla<\/a><\/p>\n<p>[\/et_pb_text][et_pb_text _builder_version=\u00bb4.20.4&#8243; _module_preset=\u00bbdefault\u00bb link_font_size=\u00bb24px\u00bb link_line_height=\u00bb1.8em\u00bb header_3_font=\u00bbManrope|800|||||||\u00bb header_3_text_color=\u00bb#FF571C\u00bb custom_margin=\u00bb||60px|||\u00bb custom_margin_tablet=\u00bb||60px|||\u00bb custom_margin_phone=\u00bb||0px||false|false\u00bb custom_margin_last_edited=\u00bbon|phone\u00bb text_line_height_phone=\u00bb30px\u00bb link_font_size_tablet=\u00bb24px\u00bb link_font_size_phone=\u00bb17px\u00bb link_font_size_last_edited=\u00bbon|phone\u00bb link_line_height_tablet=\u00bb1.8em\u00bb link_line_height_phone=\u00bb1.4em\u00bb link_line_height_last_edited=\u00bbon|phone\u00bb header_3_font_size_phone=\u00bb25px\u00bb header_3_line_height_phone=\u00bb30px\u00bb global_colors_info=\u00bb{}\u00bb]<\/p>\n<h3>Recursos para conductores<\/h3>\n<p><a href=\"https:\/\/wsdot.wa.gov\/travel\/bicycling-walking\/walking-rolling-washington\/pedestrian-laws-safety\" target=\"_blank\" rel=\"noopener\">P\u00e1gina de leyes y seguridad para peatones<\/a><br \/><a href=\"https:\/\/wsdot.wa.gov\/travel\/bicycling-walking\/bicycling-washington\/bicyclist-laws-safety\" target=\"_blank\" rel=\"noopener\">P\u00e1gina de leyes y seguridad para ciclistas<\/a><br \/><a href=\"https:\/\/wtsc.wa.gov\/programs-priorities\/distracted-driving\/\" target=\"_blank\" rel=\"noopener\">Sitio sobre conductores distra\u00eddos<\/a><br \/><a href=\"https:\/\/wtsc.wa.gov\/programs-priorities\/impaired-driving\/\" target=\"_blank\" rel=\"noopener\">Sitio sobre conductores bajo los efectos de estupefacientes<\/a><\/p>\n<p>[\/et_pb_text][\/et_pb_column][\/et_pb_row][\/et_pb_section]<\/p>\n","protected":false},"excerpt":{"rendered":"<p>Se siente bien estar informado.M\u00e1s recursos para mantenerte al d\u00eda en materia de seguridad vialRecursos para todos Target ZeroSpokane County Target Zero Task ForceWashington Traffic Safety Commission (WTSC)Washington State Department of Transportation (WSDOT)Recursos para peatones P\u00e1gina de leyes y seguridad para peatonesInforme de datos de seguridad peatonalRecursos para ciclistas P\u00e1gina de leyes y seguridad para ciclistasSitio sobre traslados al trabajo en bicicletaInforme de datos de seguridad de ciclistasC\u00f3mo revisar y reparar tu bicicleta antes de conducirlaRecursos para conductores P\u00e1gina de leyes y seguridad para peatonesP\u00e1gina de leyes y seguridad para ciclistasSitio sobre conductores distra\u00eddosSitio sobre conductores bajo los efectos de estupefacientes<\/p>\n","protected":false},"author":2,"featured_media":0,"parent":0,"menu_order":0,"comment_status":"closed","ping_status":"closed","template":"","meta":{"_et_pb_use_builder":"on","_et_pb_old_content":"","_et_gb_content_width":"","footnotes":""},"class_list":["post-880","page","type-page","status-publish","hentry"],"_links":{"self":[{"href":"https:\/\/spokanesharestheroad.com\/es\/wp-json\/wp\/v2\/pages\/880","targetHints":{"allow":["GET"]}}],"collection":[{"href":"https:\/\/spokanesharestheroad.com\/es\/wp-json\/wp\/v2\/pages"}],"about":[{"href":"https:\/\/spokanesharestheroad.com\/es\/wp-json\/wp\/v2\/types\/page"}],"author":[{"embeddable":true,"href":"https:\/\/spokanesharestheroad.com\/es\/wp-json\/wp\/v2\/users\/2"}],"replies":[{"embeddable":true,"href":"https:\/\/spokanesharestheroad.com\/es\/wp-json\/wp\/v2\/comments?post=880"}],"version-history":[{"count":4,"href":"https:\/\/spokanesharestheroad.com\/es\/wp-json\/wp\/v2\/pages\/880\/revisions"}],"predecessor-version":[{"id":933,"href":"https:\/\/spokanesharestheroad.com\/es\/wp-json\/wp\/v2\/pages\/880\/revisions\/933"}],"wp:attachment":[{"href":"https:\/\/spokanesharestheroad.com\/es\/wp-json\/wp\/v2\/media?parent=880"}],"curies":[{"name":"wp","href":"https:\/\/api.w.org\/{rel}","templated":true}]}}